{"id":1358,"date":"2021-02-11T17:20:03","date_gmt":"2021-02-11T16:20:03","guid":{"rendered":"http:\/\/www.servilectric.com\/?page_id=1358"},"modified":"2026-03-31T13:14:12","modified_gmt":"2026-03-31T11:14:12","slug":"bitel-catalogos","status":"publish","type":"page","link":"https:\/\/www.servilectric.com\/index.php\/bitel-catalogos\/","title":{"rendered":"Bitel Cat\u00e1logos"},"content":{"rendered":"<nav>\n<ul>\n<li><a href=\"https:\/\/www.servilectric.com\/\"><img decoding=\"async\" src=\"https:\/\/www.servilectric.com\/wp-content\/plugins\/polylang\/flags\/es.png\" alt=\"ES\" width=\"16\" height=\"11\" \/>ES<\/a><\/li>\n<li><a href=\"https:\/\/www.servilectric.com\/index.php\/en\/home\/\"><img decoding=\"async\" src=\"https:\/\/www.servilectric.com\/wp-content\/plugins\/polylang\/flags\/gb.png\" alt=\"EN\" width=\"16\" height=\"11\" \/>EN<\/a><\/li>\n<li><a href=\"https:\/\/www.servilectric.com\/index.php\/fr\/lancement\/\"><img decoding=\"async\" src=\"https:\/\/www.servilectric.com\/wp-content\/plugins\/polylang\/flags\/fr.png\" alt=\"FR\" width=\"16\" height=\"11\" \/>FR<\/a><\/li>\n<\/ul>\n<\/nav>\n<p>\t\t\t<a href=\"https:\/\/www.servilectric.com\/index.php\/inicio\/\" role=\"button\"><br \/>\n\t\t\t\t\t\tInicio<br \/>\n\t\t\t\t\t<\/a><br \/>\n\t\t\t<a href=\"https:\/\/www.servilectric.com\/index.php\/servicios\/\" role=\"button\"><br \/>\n\t\t\t\t\t\tServicios<br \/>\n\t\t\t\t\t<\/a><br \/>\n\t\t\t<a href=\"https:\/\/www.servilectric.com\/index.php\/fabricantes\/\" role=\"button\"><br \/>\n\t\t\t\t\t\tFabricantes<br \/>\n\t\t\t\t\t<\/a><br \/>\n\t\t\t<a href=\"https:\/\/www.servilectric.com\/index.php\/contacto\/\" role=\"button\"><br \/>\n\t\t\t\t\t\tContacto<br \/>\n\t\t\t\t\t<\/a><\/p>\n<h2>Bitel &#8211;  Cat\u00e1logos<\/h2>\n<figure>\n\t\t\t\t\t\t\t\t\t\t\t<a href=\"https:\/\/www.servilectric.com\/wp-content\/uploads\/2021\/02\/Bitel-Catalogo-FIBRA-18-09-2020-1.pdf\"><br \/>\n\t\t\t\t\t\t\t<img loading=\"lazy\" decoding=\"async\" width=\"213\" height=\"300\" src=\"https:\/\/www.servilectric.com\/wp-content\/uploads\/2021\/02\/Portada-Catalogo-Bitel-Fibra-213x300.jpg\" alt=\"\" loading=\"lazy\" srcset=\"https:\/\/www.servilectric.com\/wp-content\/uploads\/2021\/02\/Portada-Catalogo-Bitel-Fibra-213x300.jpg 213w, https:\/\/www.servilectric.com\/wp-content\/uploads\/2021\/02\/Portada-Catalogo-Bitel-Fibra.jpg 396w\" sizes=\"auto, (max-width: 213px) 100vw, 213px\" \/>\t\t\t\t\t\t\t\t<\/a><figcaption>Acceder a Cat\u00e1logo Bitel Fibra 2020<\/figcaption><\/figure>\n<figure>\n\t\t\t\t\t\t\t\t\t\t\t<a href=\"https:\/\/www.servilectric.com\/wp-content\/uploads\/2021\/02\/Bitel-Catalogo-LAN-VE-18-09-2020-1.pdf\"><br \/>\n\t\t\t\t\t\t\t<img loading=\"lazy\" decoding=\"async\" width=\"212\" height=\"300\" src=\"https:\/\/www.servilectric.com\/wp-content\/uploads\/2021\/02\/Portada-Catalogo-Bitel-LAN-212x300.jpg\" alt=\"\" loading=\"lazy\" srcset=\"https:\/\/www.servilectric.com\/wp-content\/uploads\/2021\/02\/Portada-Catalogo-Bitel-LAN-212x300.jpg 212w, https:\/\/www.servilectric.com\/wp-content\/uploads\/2021\/02\/Portada-Catalogo-Bitel-LAN.jpg 397w\" sizes=\"auto, (max-width: 212px) 100vw, 212px\" \/>\t\t\t\t\t\t\t\t<\/a><figcaption>Acceder a Cat\u00e1logo Bitel LAN 2020<\/figcaption><\/figure>\n<h2>Para cualquier consulta o informaci\u00f3n adicional:\u200b<\/h2>\n","protected":false},"excerpt":{"rendered":"<p>ES EN FR Inicio Servicios Fabricantes Contacto Bitel &#8211; Cat\u00e1logos Acceder a Cat\u00e1logo Bitel Fibra 2020 Acceder a Cat\u00e1logo Bitel LAN 2020 Para cualquier consulta o informaci\u00f3n adicional:\u200b<\/p>\n","protected":false},"author":1,"featured_media":0,"parent":0,"menu_order":0,"comment_status":"closed","ping_status":"closed","template":"","meta":{"site-sidebar-layout":"no-sidebar","site-content-layout":"page-builder","ast-site-content-layout":"full-width-container","site-content-style":"unboxed","site-sidebar-style":"unboxed","ast-global-header-display":"","ast-banner-title-visibility":"","ast-main-header-display":"","ast-hfb-above-header-display":"","ast-hfb-below-header-display":"","ast-hfb-mobile-header-display":"","site-post-title":"disabled","ast-breadcrumbs-content":"","ast-featured-img":"disabled","footer-sml-layout":"","theme-transparent-header-meta":"default","adv-header-id-meta":"","stick-header-meta":"","header-above-stick-meta":"","header-main-stick-meta":"","header-below-stick-meta":"","astra-migrate-meta-layouts":"set","ast-page-background-enabled":"default","ast-page-background-meta":{"desktop":{"background-color":"var(--ast-global-color-4)","background-image":"","background-repeat":"repeat","background-position":"center center","background-size":"auto","background-attachment":"scroll","background-type":"","background-media":"","overlay-type":"","overlay-color":"","overlay-opacity":"","overlay-gradient":""},"tablet":{"background-color":"","background-image":"","background-repeat":"repeat","background-position":"center center","background-size":"auto","background-attachment":"scroll","background-type":"","background-media":"","overlay-type":"","overlay-color":"","overlay-opacity":"","overlay-gradient":""},"mobile":{"background-color":"","background-image":"","background-repeat":"repeat","background-position":"center center","background-size":"auto","background-attachment":"scroll","background-type":"","background-media":"","overlay-type":"","overlay-color":"","overlay-opacity":"","overlay-gradient":""}},"ast-content-background-meta":{"desktop":{"background-color":"var(--ast-global-color-5)","background-image":"","background-repeat":"repeat","background-position":"center center","background-size":"auto","background-attachment":"scroll","background-type":"","background-media":"","overlay-type":"","overlay-color":"","overlay-opacity":"","overlay-gradient":""},"tablet":{"background-color":"var(--ast-global-color-5)","background-image":"","background-repeat":"repeat","background-position":"center center","background-size":"auto","background-attachment":"scroll","background-type":"","background-media":"","overlay-type":"","overlay-color":"","overlay-opacity":"","overlay-gradient":""},"mobile":{"background-color":"var(--ast-global-color-5)","background-image":"","background-repeat":"repeat","background-position":"center center","background-size":"auto","background-attachment":"scroll","background-type":"","background-media":"","overlay-type":"","overlay-color":"","overlay-opacity":"","overlay-gradient":""}},"footnotes":""},"class_list":["post-1358","page","type-page","status-publish","hentry"],"_links":{"self":[{"href":"https:\/\/www.servilectric.com\/index.php\/wp-json\/wp\/v2\/pages\/1358","targetHints":{"allow":["GET"]}}],"collection":[{"href":"https:\/\/www.servilectric.com\/index.php\/wp-json\/wp\/v2\/pages"}],"about":[{"href":"https:\/\/www.servilectric.com\/index.php\/wp-json\/wp\/v2\/types\/page"}],"author":[{"embeddable":true,"href":"https:\/\/www.servilectric.com\/index.php\/wp-json\/wp\/v2\/users\/1"}],"replies":[{"embeddable":true,"href":"https:\/\/www.servilectric.com\/index.php\/wp-json\/wp\/v2\/comments?post=1358"}],"version-history":[{"count":41,"href":"https:\/\/www.servilectric.com\/index.php\/wp-json\/wp\/v2\/pages\/1358\/revisions"}],"predecessor-version":[{"id":3576,"href":"https:\/\/www.servilectric.com\/index.php\/wp-json\/wp\/v2\/pages\/1358\/revisions\/3576"}],"wp:attachment":[{"href":"https:\/\/www.servilectric.com\/index.php\/wp-json\/wp\/v2\/media?parent=1358"}],"curies":[{"name":"wp","href":"https:\/\/api.w.org\/{rel}","templated":true}]}}